{"id":26,"date":"2017-07-11T11:16:06","date_gmt":"2017-07-11T11:16:06","guid":{"rendered":"http:\/\/www.tc-sauveterre-de-guyenne.fr\/?page_id=26"},"modified":"2024-10-22T17:04:53","modified_gmt":"2024-10-22T17:04:53","slug":"informations-utiles","status":"publish","type":"page","link":"https:\/\/www.tc-sauveterre-de-guyenne.fr\/index.php\/informations-utiles\/","title":{"rendered":"Informations utiles"},"content":{"rendered":"<h1><span style=\"color: #ff0000;\"><strong>Les installations<\/strong><\/span><\/h1>\n<p>Le complexe sportif de tennis se compose:<br \/>\n&#8211; de deux terrains ext\u00e9rieurs \u00e9clair\u00e9s en \u00e9tat neuf, disponibles \u00e0 la location (7\u20ac et \u00e9clairage: 2\u20ac\/h par jeton)<br \/>\n&#8211; d&rsquo;une salle couverte omnisports r\u00e9serv\u00e9e uniquement aux cours<br \/>\n&#8211; d&rsquo;un club house.<\/p>\n<h1><span style=\"color: #ff0000;\"><strong>Le Staf<\/strong><\/span><\/h1>\n<p>Pr\u00e9sident: Mr RAOULT Thomas<br \/>\nTel : <span id=\"eeb-798281-241442\"><\/span><script type=\"text\/javascript\">(function() {var ml=\"4682507%\",mi=\"5173564735027353673551\",o=\"\";for(var j=0,l=mi.length;j<l;j++) {o+=ml.charAt(mi.charCodeAt(j)-48);}document.getElementById(\"eeb-798281-241442\").innerHTML = decodeURIComponent(o);}());<\/script><noscript>*protected email*<\/noscript><br \/>\nMail: <span id=\"eeb-366284-790842\"><\/span><script type=\"text\/javascript\">(function() {var ml=\"n%DkEhr2Csguac3itmof.l-F04\",mi=\"1>8<17H=E<991>2177A<?EFE?031771>4@5BA<9D@=9:1IHB;@EBB3DC61>817G<1>4\",o=\"\";for(var j=0,l=mi.length;j<l;j++) {o+=ml.charAt(mi.charCodeAt(j)-48);}document.getElementById(\"eeb-366284-790842\").innerHTML = decodeURIComponent(o);}());<\/script><noscript>*protected email*<\/noscript><\/p>\n<p>Entra\u00eeneur: Mr BRUNEAU Antoine<br \/>\nTel : <span id=\"eeb-30681-741047\"><\/span><script type=\"text\/javascript\">(function() {var ml=\"302%16785\",mi=\"1532174321703217832126\",o=\"\";for(var j=0,l=mi.length;j<l;j++) {o+=ml.charAt(mi.charCodeAt(j)-48);}document.getElementById(\"eeb-30681-741047\").innerHTML = decodeURIComponent(o);}());<\/script><noscript>*protected email*<\/noscript><\/p>\n","protected":false},"excerpt":{"rendered":"<p>Les installations Le complexe sportif de tennis se compose: &#8211; de deux terrains ext\u00e9rieurs \u00e9clair\u00e9s en \u00e9tat neuf, disponibles \u00e0 la location (7\u20ac et \u00e9clairage: 2\u20ac\/h par jeton) &#8211; d&rsquo;une salle couverte omnisports r\u00e9serv\u00e9e uniquement aux cours &#8211; d&rsquo;un club house. Le Staf Pr\u00e9sident: Mr RAOULT Thomas Tel : Mail: Entra\u00eeneur: Mr BRUNEAU Antoine Tel &hellip; <\/p>\n<p><a class=\"more-link btn\" href=\"https:\/\/www.tc-sauveterre-de-guyenne.fr\/index.php\/informations-utiles\/\">Lire la suite<\/a><\/p>\n","protected":false},"author":1,"featured_media":0,"parent":0,"menu_order":0,"comment_status":"closed","ping_status":"closed","template":"","meta":{"footnotes":""},"class_list":["post-26","page","type-page","status-publish","hentry","nodate","item-wrap"],"yoast_head":"<!-- This site is optimized with the Yoast SEO plugin v27.4 - https:\/\/yoast.com\/product\/yoast-seo-wordpress\/ -->\n<title>Informations utiles - Tennis Club de Sauveterre de Guyenne<\/title>\n<meta name=\"robots\" content=\"index, follow, max-snippet:-1, max-image-preview:large, max-video-preview:-1\" \/>\n<link rel=\"canonical\" href=\"https:\/\/www.tc-sauveterre-de-guyenne.fr\/index.php\/informations-utiles\/\" \/>\n<meta property=\"og:locale\" content=\"fr_FR\" \/>\n<meta property=\"og:type\" content=\"article\" \/>\n<meta property=\"og:title\" content=\"Informations utiles - Tennis Club de Sauveterre de Guyenne\" \/>\n<meta property=\"og:description\" content=\"Les installations Le complexe sportif de tennis se compose: &#8211; de deux terrains ext\u00e9rieurs \u00e9clair\u00e9s en \u00e9tat neuf, disponibles \u00e0 la location (7\u20ac et \u00e9clairage: 2\u20ac\/h par jeton) &#8211; d&rsquo;une salle couverte omnisports r\u00e9serv\u00e9e uniquement aux cours &#8211; d&rsquo;un club house. Le Staf Pr\u00e9sident: Mr RAOULT Thomas Tel : Mail: Entra\u00eeneur: Mr BRUNEAU Antoine Tel &hellip; Lire la suite\" \/>\n<meta property=\"og:url\" content=\"https:\/\/www.tc-sauveterre-de-guyenne.fr\/index.php\/informations-utiles\/\" \/>\n<meta property=\"og:site_name\" content=\"Tennis Club de Sauveterre de Guyenne\" \/>\n<meta property=\"article:modified_time\" content=\"2024-10-22T17:04:53+00:00\" \/>\n<meta name=\"twitter:card\" content=\"summary_large_image\" \/>\n<meta name=\"twitter:label1\" content=\"Dur\u00e9e de lecture estim\u00e9e\" \/>\n\t<meta name=\"twitter:data1\" content=\"1 minute\" \/>\n<script type=\"application\/ld+json\" class=\"yoast-schema-graph\">{\"@context\":\"https:\\\/\\\/schema.org\",\"@graph\":[{\"@type\":\"WebPage\",\"@id\":\"https:\\\/\\\/www.tc-sauveterre-de-guyenne.fr\\\/index.php\\\/informations-utiles\\\/\",\"url\":\"https:\\\/\\\/www.tc-sauveterre-de-guyenne.fr\\\/index.php\\\/informations-utiles\\\/\",\"name\":\"Informations utiles - Tennis Club de Sauveterre de Guyenne\",\"isPartOf\":{\"@id\":\"https:\\\/\\\/www.tc-sauveterre-de-guyenne.fr\\\/#website\"},\"datePublished\":\"2017-07-11T11:16:06+00:00\",\"dateModified\":\"2024-10-22T17:04:53+00:00\",\"breadcrumb\":{\"@id\":\"https:\\\/\\\/www.tc-sauveterre-de-guyenne.fr\\\/index.php\\\/informations-utiles\\\/#breadcrumb\"},\"inLanguage\":\"fr-FR\",\"potentialAction\":[{\"@type\":\"ReadAction\",\"target\":[\"https:\\\/\\\/www.tc-sauveterre-de-guyenne.fr\\\/index.php\\\/informations-utiles\\\/\"]}]},{\"@type\":\"BreadcrumbList\",\"@id\":\"https:\\\/\\\/www.tc-sauveterre-de-guyenne.fr\\\/index.php\\\/informations-utiles\\\/#breadcrumb\",\"itemListElement\":[{\"@type\":\"ListItem\",\"position\":1,\"name\":\"Accueil\",\"item\":\"https:\\\/\\\/www.tc-sauveterre-de-guyenne.fr\\\/\"},{\"@type\":\"ListItem\",\"position\":2,\"name\":\"Informations utiles\"}]},{\"@type\":\"WebSite\",\"@id\":\"https:\\\/\\\/www.tc-sauveterre-de-guyenne.fr\\\/#website\",\"url\":\"https:\\\/\\\/www.tc-sauveterre-de-guyenne.fr\\\/\",\"name\":\"Tennis Club de Sauveterre de Guyenne\",\"description\":\"Tennis Club de Sauveterre de Guyenne\",\"publisher\":{\"@id\":\"https:\\\/\\\/www.tc-sauveterre-de-guyenne.fr\\\/#organization\"},\"potentialAction\":[{\"@type\":\"SearchAction\",\"target\":{\"@type\":\"EntryPoint\",\"urlTemplate\":\"https:\\\/\\\/www.tc-sauveterre-de-guyenne.fr\\\/?s={search_term_string}\"},\"query-input\":{\"@type\":\"PropertyValueSpecification\",\"valueRequired\":true,\"valueName\":\"search_term_string\"}}],\"inLanguage\":\"fr-FR\"},{\"@type\":\"Organization\",\"@id\":\"https:\\\/\\\/www.tc-sauveterre-de-guyenne.fr\\\/#organization\",\"name\":\"Tennis Club de Sauveterre de Guyenne\",\"url\":\"https:\\\/\\\/www.tc-sauveterre-de-guyenne.fr\\\/\",\"logo\":{\"@type\":\"ImageObject\",\"inLanguage\":\"fr-FR\",\"@id\":\"https:\\\/\\\/www.tc-sauveterre-de-guyenne.fr\\\/#\\\/schema\\\/logo\\\/image\\\/\",\"url\":\"https:\\\/\\\/www.tc-sauveterre-de-guyenne.fr\\\/wp-content\\\/uploads\\\/2017\\\/07\\\/banque-d-images-gratuites-libres-de-droits422-1.jpg\",\"contentUrl\":\"https:\\\/\\\/www.tc-sauveterre-de-guyenne.fr\\\/wp-content\\\/uploads\\\/2017\\\/07\\\/banque-d-images-gratuites-libres-de-droits422-1.jpg\",\"width\":2000,\"height\":1249,\"caption\":\"Tennis Club de Sauveterre de Guyenne\"},\"image\":{\"@id\":\"https:\\\/\\\/www.tc-sauveterre-de-guyenne.fr\\\/#\\\/schema\\\/logo\\\/image\\\/\"}}]}<\/script>\n<!-- \/ Yoast SEO plugin. -->","yoast_head_json":{"title":"Informations utiles - Tennis Club de Sauveterre de Guyenne","robots":{"index":"index","follow":"follow","max-snippet":"max-snippet:-1","max-image-preview":"max-image-preview:large","max-video-preview":"max-video-preview:-1"},"canonical":"https:\/\/www.tc-sauveterre-de-guyenne.fr\/index.php\/informations-utiles\/","og_locale":"fr_FR","og_type":"article","og_title":"Informations utiles - Tennis Club de Sauveterre de Guyenne","og_description":"Les installations Le complexe sportif de tennis se compose: &#8211; de deux terrains ext\u00e9rieurs \u00e9clair\u00e9s en \u00e9tat neuf, disponibles \u00e0 la location (7\u20ac et \u00e9clairage: 2\u20ac\/h par jeton) &#8211; d&rsquo;une salle couverte omnisports r\u00e9serv\u00e9e uniquement aux cours &#8211; d&rsquo;un club house. Le Staf Pr\u00e9sident: Mr RAOULT Thomas Tel : Mail: Entra\u00eeneur: Mr BRUNEAU Antoine Tel &hellip; Lire la suite","og_url":"https:\/\/www.tc-sauveterre-de-guyenne.fr\/index.php\/informations-utiles\/","og_site_name":"Tennis Club de Sauveterre de Guyenne","article_modified_time":"2024-10-22T17:04:53+00:00","twitter_card":"summary_large_image","twitter_misc":{"Dur\u00e9e de lecture estim\u00e9e":"1 minute"},"schema":{"@context":"https:\/\/schema.org","@graph":[{"@type":"WebPage","@id":"https:\/\/www.tc-sauveterre-de-guyenne.fr\/index.php\/informations-utiles\/","url":"https:\/\/www.tc-sauveterre-de-guyenne.fr\/index.php\/informations-utiles\/","name":"Informations utiles - Tennis Club de Sauveterre de Guyenne","isPartOf":{"@id":"https:\/\/www.tc-sauveterre-de-guyenne.fr\/#website"},"datePublished":"2017-07-11T11:16:06+00:00","dateModified":"2024-10-22T17:04:53+00:00","breadcrumb":{"@id":"https:\/\/www.tc-sauveterre-de-guyenne.fr\/index.php\/informations-utiles\/#breadcrumb"},"inLanguage":"fr-FR","potentialAction":[{"@type":"ReadAction","target":["https:\/\/www.tc-sauveterre-de-guyenne.fr\/index.php\/informations-utiles\/"]}]},{"@type":"BreadcrumbList","@id":"https:\/\/www.tc-sauveterre-de-guyenne.fr\/index.php\/informations-utiles\/#breadcrumb","itemListElement":[{"@type":"ListItem","position":1,"name":"Accueil","item":"https:\/\/www.tc-sauveterre-de-guyenne.fr\/"},{"@type":"ListItem","position":2,"name":"Informations utiles"}]},{"@type":"WebSite","@id":"https:\/\/www.tc-sauveterre-de-guyenne.fr\/#website","url":"https:\/\/www.tc-sauveterre-de-guyenne.fr\/","name":"Tennis Club de Sauveterre de Guyenne","description":"Tennis Club de Sauveterre de Guyenne","publisher":{"@id":"https:\/\/www.tc-sauveterre-de-guyenne.fr\/#organization"},"potentialAction":[{"@type":"SearchAction","target":{"@type":"EntryPoint","urlTemplate":"https:\/\/www.tc-sauveterre-de-guyenne.fr\/?s={search_term_string}"},"query-input":{"@type":"PropertyValueSpecification","valueRequired":true,"valueName":"search_term_string"}}],"inLanguage":"fr-FR"},{"@type":"Organization","@id":"https:\/\/www.tc-sauveterre-de-guyenne.fr\/#organization","name":"Tennis Club de Sauveterre de Guyenne","url":"https:\/\/www.tc-sauveterre-de-guyenne.fr\/","logo":{"@type":"ImageObject","inLanguage":"fr-FR","@id":"https:\/\/www.tc-sauveterre-de-guyenne.fr\/#\/schema\/logo\/image\/","url":"https:\/\/www.tc-sauveterre-de-guyenne.fr\/wp-content\/uploads\/2017\/07\/banque-d-images-gratuites-libres-de-droits422-1.jpg","contentUrl":"https:\/\/www.tc-sauveterre-de-guyenne.fr\/wp-content\/uploads\/2017\/07\/banque-d-images-gratuites-libres-de-droits422-1.jpg","width":2000,"height":1249,"caption":"Tennis Club de Sauveterre de Guyenne"},"image":{"@id":"https:\/\/www.tc-sauveterre-de-guyenne.fr\/#\/schema\/logo\/image\/"}}]}},"_links":{"self":[{"href":"https:\/\/www.tc-sauveterre-de-guyenne.fr\/index.php\/wp-json\/wp\/v2\/pages\/26","targetHints":{"allow":["GET"]}}],"collection":[{"href":"https:\/\/www.tc-sauveterre-de-guyenne.fr\/index.php\/wp-json\/wp\/v2\/pages"}],"about":[{"href":"https:\/\/www.tc-sauveterre-de-guyenne.fr\/index.php\/wp-json\/wp\/v2\/types\/page"}],"author":[{"embeddable":true,"href":"https:\/\/www.tc-sauveterre-de-guyenne.fr\/index.php\/wp-json\/wp\/v2\/users\/1"}],"replies":[{"embeddable":true,"href":"https:\/\/www.tc-sauveterre-de-guyenne.fr\/index.php\/wp-json\/wp\/v2\/comments?post=26"}],"version-history":[{"count":19,"href":"https:\/\/www.tc-sauveterre-de-guyenne.fr\/index.php\/wp-json\/wp\/v2\/pages\/26\/revisions"}],"predecessor-version":[{"id":364,"href":"https:\/\/www.tc-sauveterre-de-guyenne.fr\/index.php\/wp-json\/wp\/v2\/pages\/26\/revisions\/364"}],"wp:attachment":[{"href":"https:\/\/www.tc-sauveterre-de-guyenne.fr\/index.php\/wp-json\/wp\/v2\/media?parent=26"}],"curies":[{"name":"wp","href":"https:\/\/api.w.org\/{rel}","templated":true}]}}