

{"id":28,"date":"2017-07-11T11:23:56","date_gmt":"2017-07-11T11:23:56","guid":{"rendered":"http:\/\/www.tc-sauveterre-de-guyenne.fr\/?page_id=28"},"modified":"2017-10-15T11:49:43","modified_gmt":"2017-10-15T11:49:43","slug":"ou-quil-est-le-club","status":"publish","type":"page","link":"https:\/\/www.tc-sauveterre-de-guyenne.fr\/index.php\/ou-quil-est-le-club\/","title":{"rendered":"Localisation des installations sportives"},"content":{"rendered":"<h1><span style=\"color: #ff0000;\"><strong>Comment s&rsquo;y rendre?<\/strong><\/span><\/h1>\n<p>Le club de Tennis se situe Zone Bonnard \u00e0 Sauveterre de Guyenne 33540, proche de la piscine municipale, du deuxi\u00e8me stade de Football ainsi que de la salle multi-sport.<\/p>\n<p>Il est compos\u00e9 de deux terrains ext\u00e9rieurs et d&rsquo;une salle couverte omnisports.<\/p>\n<p>On acc\u00e8de\u00a0 \u00e0 la zone bonnard depuis le boulevard du 11 Novembre (anciennement <em>chemin de Ronde<\/em>)\u00a0 en tournant sur la droite apr\u00e8s la Gendarmerie, prendre la premi\u00e8re route \u00e0 gauche (<em>rue des Martyrs<\/em>) et finalement la premi\u00e8re route \u00e0 droite.<\/p>\n<p>&nbsp;<\/p>\n<h1><span style=\"color: #ff0000;\"><strong>Plan<\/strong><\/span><\/h1>\n\n        <div id=\"map_ol3js_1\"\n       class=\"osm-map-container undefined\"\n             data-map_name=\"undefined\"\n             data-map=\"map_ol3js_1\"\n             data-autoshow=\"no\"\n             style=\"width:100%;\n                    max-width:100%;\n                    height:450px;\n                    display:block;\n                    overflow:hidden;\n                    border:2px solid grey;\">\n          <div id=\"map_ol3js_1_popup\" class=\"ol-popup\">\n            <a href=\"#\" id=\"map_ol3js_1_popup-closer\" class=\"ol-popup-closer\"><\/a>\n            <div id=\"map_ol3js_1_popup-content\"><\/div>\n          <\/div>\n        <\/div>\n    \n\n\t\t\t\t<script type=\"text\/javascript\">\n          translations['openlayer'] = \"open layer\";\n          translations['openlayerAtStartup'] = \"open layer at startup\";\n          translations['generateLink'] = \"link to this map with opened layers\";\n          translations['shortDescription'] = \"short description\";\n          translations['generatedShortCode'] = \"to get a text control link paste this code in your wordpress editor\";\n          translations['closeLayer'] = \"close layer\";\n          translations['cantGenerateLink'] = \"put this string in the existing map short code to control this map\";\n\t\t\t  <\/script>\n\n\n\t\t\t  <script type=\"text\/javascript\">\n\t\t\t  vectorM['map_ol3js_1'] = [];\n\t        \n        var raster = getTileLayer(\"osm\",\"NoKey\");\t\t\t\n\n\t\t\t  var map_ol3js_1 = new ol.Map({\n\t\t\t\tinteractions: ol.interaction.defaults.defaults({mouseWheelZoom:false}),\n\t\t\t\tlayers: [raster],\n\t\t\t\ttarget: \"map_ol3js_1\",\n\t\t\t\tview: new ol.View({\n\t\t\t\t  center: ol.proj.transform([-0.082,44.693], \"EPSG:4326\", \"EPSG:3857\"),\n\t\t\t\t  zoom: 16\n\t\t\t\t})\n\t\t\t  });\n\t\t\t  osm_addMarkerLayer(map_ol3js_1,-0.08029,44.69313,\"https:\/\/www.tc-sauveterre-de-guyenne.fr\/wp-content\/plugins\/osm\/icons\/mic_red_pinother_02.png\",-16,-41,\"  <\/a><br>\") ; \naddControls2Map(map_ol3js_1,1,0,3,1,5,6,7,0,1);\nosm_addPopupClickhandler(map_ol3js_1,  \"map_ol3js_1\"); \nosm_addMouseHover(map_ol3js_1); <\/script>\n","protected":false},"excerpt":{"rendered":"<p>Comment s&rsquo;y rendre? Le club de Tennis se situe Zone Bonnard \u00e0 Sauveterre de Guyenne 33540, proche de la piscine municipale, du deuxi\u00e8me stade de Football ainsi que de la salle multi-sport. Il est compos\u00e9 de deux terrains ext\u00e9rieurs et d&rsquo;une salle couverte omnisports. On acc\u00e8de\u00a0 \u00e0 la zone bonnard depuis le boulevard du 11 &hellip; <\/p>\n<p><a class=\"more-link btn\" href=\"https:\/\/www.tc-sauveterre-de-guyenne.fr\/index.php\/ou-quil-est-le-club\/\">Lire la suite<\/a><\/p>\n","protected":false},"author":1,"featured_media":0,"parent":0,"menu_order":0,"comment_status":"closed","ping_status":"closed","template":"","meta":{"footnotes":""},"class_list":["post-28","page","type-page","status-publish","hentry","nodate","item-wrap"],"yoast_head":"<!-- This site is optimized with the Yoast SEO plugin v27.4 - https:\/\/yoast.com\/product\/yoast-seo-wordpress\/ -->\n<title>Localisation des installations sportives - Tennis Club de Sauveterre de Guyenne<\/title>\n<meta name=\"robots\" content=\"index, follow, max-snippet:-1, max-image-preview:large, max-video-preview:-1\" \/>\n<link rel=\"canonical\" href=\"https:\/\/www.tc-sauveterre-de-guyenne.fr\/index.php\/ou-quil-est-le-club\/\" \/>\n<meta property=\"og:locale\" content=\"fr_FR\" \/>\n<meta property=\"og:type\" content=\"article\" \/>\n<meta property=\"og:title\" content=\"Localisation des installations sportives - Tennis Club de Sauveterre de Guyenne\" \/>\n<meta property=\"og:description\" content=\"Comment s&rsquo;y rendre? Le club de Tennis se situe Zone Bonnard \u00e0 Sauveterre de Guyenne 33540, proche de la piscine municipale, du deuxi\u00e8me stade de Football ainsi que de la salle multi-sport. Il est compos\u00e9 de deux terrains ext\u00e9rieurs et d&rsquo;une salle couverte omnisports. On acc\u00e8de\u00a0 \u00e0 la zone bonnard depuis le boulevard du 11 &hellip; Lire la suite\" \/>\n<meta property=\"og:url\" content=\"https:\/\/www.tc-sauveterre-de-guyenne.fr\/index.php\/ou-quil-est-le-club\/\" \/>\n<meta property=\"og:site_name\" content=\"Tennis Club de Sauveterre de Guyenne\" \/>\n<meta property=\"article:modified_time\" content=\"2017-10-15T11:49:43+00:00\" \/>\n<meta name=\"twitter:card\" content=\"summary_large_image\" \/>\n<meta name=\"twitter:label1\" content=\"Dur\u00e9e de lecture estim\u00e9e\" \/>\n\t<meta name=\"twitter:data1\" content=\"1 minute\" \/>\n<script type=\"application\/ld+json\" class=\"yoast-schema-graph\">{\"@context\":\"https:\\\/\\\/schema.org\",\"@graph\":[{\"@type\":\"WebPage\",\"@id\":\"https:\\\/\\\/www.tc-sauveterre-de-guyenne.fr\\\/index.php\\\/ou-quil-est-le-club\\\/\",\"url\":\"https:\\\/\\\/www.tc-sauveterre-de-guyenne.fr\\\/index.php\\\/ou-quil-est-le-club\\\/\",\"name\":\"Localisation des installations sportives - Tennis Club de Sauveterre de Guyenne\",\"isPartOf\":{\"@id\":\"https:\\\/\\\/www.tc-sauveterre-de-guyenne.fr\\\/#website\"},\"datePublished\":\"2017-07-11T11:23:56+00:00\",\"dateModified\":\"2017-10-15T11:49:43+00:00\",\"breadcrumb\":{\"@id\":\"https:\\\/\\\/www.tc-sauveterre-de-guyenne.fr\\\/index.php\\\/ou-quil-est-le-club\\\/#breadcrumb\"},\"inLanguage\":\"fr-FR\",\"potentialAction\":[{\"@type\":\"ReadAction\",\"target\":[\"https:\\\/\\\/www.tc-sauveterre-de-guyenne.fr\\\/index.php\\\/ou-quil-est-le-club\\\/\"]}]},{\"@type\":\"BreadcrumbList\",\"@id\":\"https:\\\/\\\/www.tc-sauveterre-de-guyenne.fr\\\/index.php\\\/ou-quil-est-le-club\\\/#breadcrumb\",\"itemListElement\":[{\"@type\":\"ListItem\",\"position\":1,\"name\":\"Accueil\",\"item\":\"https:\\\/\\\/www.tc-sauveterre-de-guyenne.fr\\\/\"},{\"@type\":\"ListItem\",\"position\":2,\"name\":\"Localisation des installations sportives\"}]},{\"@type\":\"WebSite\",\"@id\":\"https:\\\/\\\/www.tc-sauveterre-de-guyenne.fr\\\/#website\",\"url\":\"https:\\\/\\\/www.tc-sauveterre-de-guyenne.fr\\\/\",\"name\":\"Tennis Club de Sauveterre de Guyenne\",\"description\":\"Tennis Club de Sauveterre de Guyenne\",\"publisher\":{\"@id\":\"https:\\\/\\\/www.tc-sauveterre-de-guyenne.fr\\\/#organization\"},\"potentialAction\":[{\"@type\":\"SearchAction\",\"target\":{\"@type\":\"EntryPoint\",\"urlTemplate\":\"https:\\\/\\\/www.tc-sauveterre-de-guyenne.fr\\\/?s={search_term_string}\"},\"query-input\":{\"@type\":\"PropertyValueSpecification\",\"valueRequired\":true,\"valueName\":\"search_term_string\"}}],\"inLanguage\":\"fr-FR\"},{\"@type\":\"Organization\",\"@id\":\"https:\\\/\\\/www.tc-sauveterre-de-guyenne.fr\\\/#organization\",\"name\":\"Tennis Club de Sauveterre de Guyenne\",\"url\":\"https:\\\/\\\/www.tc-sauveterre-de-guyenne.fr\\\/\",\"logo\":{\"@type\":\"ImageObject\",\"inLanguage\":\"fr-FR\",\"@id\":\"https:\\\/\\\/www.tc-sauveterre-de-guyenne.fr\\\/#\\\/schema\\\/logo\\\/image\\\/\",\"url\":\"https:\\\/\\\/www.tc-sauveterre-de-guyenne.fr\\\/wp-content\\\/uploads\\\/2017\\\/07\\\/banque-d-images-gratuites-libres-de-droits422-1.jpg\",\"contentUrl\":\"https:\\\/\\\/www.tc-sauveterre-de-guyenne.fr\\\/wp-content\\\/uploads\\\/2017\\\/07\\\/banque-d-images-gratuites-libres-de-droits422-1.jpg\",\"width\":2000,\"height\":1249,\"caption\":\"Tennis Club de Sauveterre de Guyenne\"},\"image\":{\"@id\":\"https:\\\/\\\/www.tc-sauveterre-de-guyenne.fr\\\/#\\\/schema\\\/logo\\\/image\\\/\"}}]}<\/script>\n<!-- \/ Yoast SEO plugin. -->","yoast_head_json":{"title":"Localisation des installations sportives - Tennis Club de Sauveterre de Guyenne","robots":{"index":"index","follow":"follow","max-snippet":"max-snippet:-1","max-image-preview":"max-image-preview:large","max-video-preview":"max-video-preview:-1"},"canonical":"https:\/\/www.tc-sauveterre-de-guyenne.fr\/index.php\/ou-quil-est-le-club\/","og_locale":"fr_FR","og_type":"article","og_title":"Localisation des installations sportives - Tennis Club de Sauveterre de Guyenne","og_description":"Comment s&rsquo;y rendre? Le club de Tennis se situe Zone Bonnard \u00e0 Sauveterre de Guyenne 33540, proche de la piscine municipale, du deuxi\u00e8me stade de Football ainsi que de la salle multi-sport. Il est compos\u00e9 de deux terrains ext\u00e9rieurs et d&rsquo;une salle couverte omnisports. On acc\u00e8de\u00a0 \u00e0 la zone bonnard depuis le boulevard du 11 &hellip; Lire la suite","og_url":"https:\/\/www.tc-sauveterre-de-guyenne.fr\/index.php\/ou-quil-est-le-club\/","og_site_name":"Tennis Club de Sauveterre de Guyenne","article_modified_time":"2017-10-15T11:49:43+00:00","twitter_card":"summary_large_image","twitter_misc":{"Dur\u00e9e de lecture estim\u00e9e":"1 minute"},"schema":{"@context":"https:\/\/schema.org","@graph":[{"@type":"WebPage","@id":"https:\/\/www.tc-sauveterre-de-guyenne.fr\/index.php\/ou-quil-est-le-club\/","url":"https:\/\/www.tc-sauveterre-de-guyenne.fr\/index.php\/ou-quil-est-le-club\/","name":"Localisation des installations sportives - Tennis Club de Sauveterre de Guyenne","isPartOf":{"@id":"https:\/\/www.tc-sauveterre-de-guyenne.fr\/#website"},"datePublished":"2017-07-11T11:23:56+00:00","dateModified":"2017-10-15T11:49:43+00:00","breadcrumb":{"@id":"https:\/\/www.tc-sauveterre-de-guyenne.fr\/index.php\/ou-quil-est-le-club\/#breadcrumb"},"inLanguage":"fr-FR","potentialAction":[{"@type":"ReadAction","target":["https:\/\/www.tc-sauveterre-de-guyenne.fr\/index.php\/ou-quil-est-le-club\/"]}]},{"@type":"BreadcrumbList","@id":"https:\/\/www.tc-sauveterre-de-guyenne.fr\/index.php\/ou-quil-est-le-club\/#breadcrumb","itemListElement":[{"@type":"ListItem","position":1,"name":"Accueil","item":"https:\/\/www.tc-sauveterre-de-guyenne.fr\/"},{"@type":"ListItem","position":2,"name":"Localisation des installations sportives"}]},{"@type":"WebSite","@id":"https:\/\/www.tc-sauveterre-de-guyenne.fr\/#website","url":"https:\/\/www.tc-sauveterre-de-guyenne.fr\/","name":"Tennis Club de Sauveterre de Guyenne","description":"Tennis Club de Sauveterre de Guyenne","publisher":{"@id":"https:\/\/www.tc-sauveterre-de-guyenne.fr\/#organization"},"potentialAction":[{"@type":"SearchAction","target":{"@type":"EntryPoint","urlTemplate":"https:\/\/www.tc-sauveterre-de-guyenne.fr\/?s={search_term_string}"},"query-input":{"@type":"PropertyValueSpecification","valueRequired":true,"valueName":"search_term_string"}}],"inLanguage":"fr-FR"},{"@type":"Organization","@id":"https:\/\/www.tc-sauveterre-de-guyenne.fr\/#organization","name":"Tennis Club de Sauveterre de Guyenne","url":"https:\/\/www.tc-sauveterre-de-guyenne.fr\/","logo":{"@type":"ImageObject","inLanguage":"fr-FR","@id":"https:\/\/www.tc-sauveterre-de-guyenne.fr\/#\/schema\/logo\/image\/","url":"https:\/\/www.tc-sauveterre-de-guyenne.fr\/wp-content\/uploads\/2017\/07\/banque-d-images-gratuites-libres-de-droits422-1.jpg","contentUrl":"https:\/\/www.tc-sauveterre-de-guyenne.fr\/wp-content\/uploads\/2017\/07\/banque-d-images-gratuites-libres-de-droits422-1.jpg","width":2000,"height":1249,"caption":"Tennis Club de Sauveterre de Guyenne"},"image":{"@id":"https:\/\/www.tc-sauveterre-de-guyenne.fr\/#\/schema\/logo\/image\/"}}]}},"_links":{"self":[{"href":"https:\/\/www.tc-sauveterre-de-guyenne.fr\/index.php\/wp-json\/wp\/v2\/pages\/28","targetHints":{"allow":["GET"]}}],"collection":[{"href":"https:\/\/www.tc-sauveterre-de-guyenne.fr\/index.php\/wp-json\/wp\/v2\/pages"}],"about":[{"href":"https:\/\/www.tc-sauveterre-de-guyenne.fr\/index.php\/wp-json\/wp\/v2\/types\/page"}],"author":[{"embeddable":true,"href":"https:\/\/www.tc-sauveterre-de-guyenne.fr\/index.php\/wp-json\/wp\/v2\/users\/1"}],"replies":[{"embeddable":true,"href":"https:\/\/www.tc-sauveterre-de-guyenne.fr\/index.php\/wp-json\/wp\/v2\/comments?post=28"}],"version-history":[{"count":8,"href":"https:\/\/www.tc-sauveterre-de-guyenne.fr\/index.php\/wp-json\/wp\/v2\/pages\/28\/revisions"}],"predecessor-version":[{"id":122,"href":"https:\/\/www.tc-sauveterre-de-guyenne.fr\/index.php\/wp-json\/wp\/v2\/pages\/28\/revisions\/122"}],"wp:attachment":[{"href":"https:\/\/www.tc-sauveterre-de-guyenne.fr\/index.php\/wp-json\/wp\/v2\/media?parent=28"}],"curies":[{"name":"wp","href":"https:\/\/api.w.org\/{rel}","templated":true}]}}